{"id":2,"date":"2013-02-01T07:41:13","date_gmt":"2013-02-01T07:41:13","guid":{"rendered":"http:\/\/vicromia.com\/?page_id=2"},"modified":"2018-10-03T13:25:51","modified_gmt":"2018-10-03T11:25:51","slug":"pagina-ejemplo","status":"publish","type":"page","link":"https:\/\/www.vicromia.com\/es\/","title":{"rendered":"Vicromia. Servicios de preimpresi\u00f3n. Impresi\u00f3n digital."},"content":{"rendered":"<div class=\"wpb-content-wrapper\">[vc_row][vc_column][rev_slider_vc alias=\u00bbinicio\u00bb][\/vc_column][\/vc_row][vc_row][vc_column][vc_column_text]\n<h3 style=\"text-align: center;\">CTP, prueba de color ISO 12647, producci\u00f3n gr\u00e1fica.<\/h3>\n<h3 style=\"text-align: center;\">Impresi\u00f3n digital en peque\u00f1o formato.<\/h3>\n[\/vc_column_text][\/vc_column][\/vc_row]\n<\/div>","protected":false},"excerpt":{"rendered":"<p>[vc_row][vc_column][rev_slider_vc alias=\u00bbinicio\u00bb][\/vc_column][\/vc_row][vc_row][vc_column][vc_column_text] CTP, prueba de color ISO 12647, producci\u00f3n gr\u00e1fica. Impresi\u00f3n digital en peque\u00f1o formato. [\/vc_column_text][\/vc_column][\/vc_row]<\/p>\n","protected":false},"author":29793,"featured_media":0,"parent":0,"menu_order":0,"comment_status":"open","ping_status":"open","template":"","meta":{"footnotes":""},"class_list":["post-2","page","type-page","status-publish","hentry","entry","post-inner"],"aioseo_notices":[],"_links":{"self":[{"href":"https:\/\/www.vicromia.com\/es\/wp-json\/wp\/v2\/pages\/2","targetHints":{"allow":["GET"]}}],"collection":[{"href":"https:\/\/www.vicromia.com\/es\/wp-json\/wp\/v2\/pages"}],"about":[{"href":"https:\/\/www.vicromia.com\/es\/wp-json\/wp\/v2\/types\/page"}],"author":[{"embeddable":true,"href":"https:\/\/www.vicromia.com\/es\/wp-json\/wp\/v2\/users\/29793"}],"replies":[{"embeddable":true,"href":"https:\/\/www.vicromia.com\/es\/wp-json\/wp\/v2\/comments?post=2"}],"version-history":[{"count":1,"href":"https:\/\/www.vicromia.com\/es\/wp-json\/wp\/v2\/pages\/2\/revisions"}],"predecessor-version":[{"id":3738,"href":"https:\/\/www.vicromia.com\/es\/wp-json\/wp\/v2\/pages\/2\/revisions\/3738"}],"wp:attachment":[{"href":"https:\/\/www.vicromia.com\/es\/wp-json\/wp\/v2\/media?parent=2"}],"curies":[{"name":"wp","href":"https:\/\/api.w.org\/{rel}","templated":true}]}}