{"id":3753,"date":"2018-10-04T16:30:14","date_gmt":"2018-10-04T14:30:14","guid":{"rendered":"http:\/\/vicromia.com\/legal\/"},"modified":"2021-02-11T15:56:22","modified_gmt":"2021-02-11T14:56:22","slug":"legal","status":"publish","type":"page","link":"https:\/\/www.vicromia.com\/es\/legal\/","title":{"rendered":"Legal"},"content":{"rendered":"<div class=\"wpb-content-wrapper\">[vc_row][vc_column][vc_empty_space height=\u00bb50&#8243;][\/vc_column][\/vc_row][vc_row][vc_column][vc_column_text]<b>INFORMACI\u00d3N GENERAL PARA CUMPLIR LA LEY 34\/2002<\/b><\/p>\n<p><b>Raz\u00f3n Social:<\/b>\u00a0Vicromia, SLU<\/p>\n<p><b>NIF:<\/b> B60631843<\/p>\n<p><b>Domicilio Social:<\/b>\u00a0<i class=\"\">Carrer Lleida, 37<\/i><\/p>\n<p><b>Localidad:<\/b>\u00a0Vic<\/p>\n<p><b>Provincia:<\/b>\u00a0Barcelona<\/p>\n<p><b>C.P.:<\/b>\u00a008500<\/p>\n<p><b>Correo electr\u00f3nico: <\/b>vicromia@vicromia.com<\/p>\n<p><b>Propiedad intelectual e industrial<br \/>\n<\/b>Esta p\u00e1gina web es titularidad de <strong>Vicromia, SLU<\/strong>\u00a0qui\u00e9n ostenta todos los derechos necesarios para su uso y explotaci\u00f3n. El acceso en esta p\u00e1gina o la utilizaci\u00f3n de sus contenidos no implica, en ning\u00fan caso, la cesi\u00f3n o licencia de derechos de propiedad intelectual e industrial. Quedan prohibidas la reproducci\u00f3n, la transformaci\u00f3n, la distribuci\u00f3n, la comunicaci\u00f3n p\u00fablica y cualquier otra forma de explotaci\u00f3n, para cualquier procedimiento, de todos o parte de los contenidos y\/o elementos integrantes de esta p\u00e1gina, salvo que se indique expresamente el contrario. Todo aquel quien atente contra los derechos de propiedad intelectual o industrial de <strong>Vicromia, SLU<\/strong>\u00a0ser\u00e1 responsable ante los Tribunales competentes.<\/p>\n<p><b>Protecci\u00f3n de datos<br \/>\n<\/b>Cumpliendo con la Ley Org\u00e1nica 15\/1999, de 13 de diciembre, de Protecci\u00f3n de Datos de car\u00e1cter Personal, se informa que los datos de car\u00e1cter personal que se recogen a trav\u00e9s del web \u00fanicamente se utilizan a efectos de responder las consultas recibidas o de ofrecer los servicios solicitados. No se registran de manera permanente en ning\u00fan archivo de titularidad de <strong>Vicromia, SLU<\/strong>\u00a0sin una comunicaci\u00f3n o consentimiento previo del titular de los datos. En ning\u00fan caso <strong>Vicromia, SLU<\/strong><b>\u00a0<\/b>utilizar\u00e1 estos datos para la venta a terceras personas o empresas. Se entiende que el usuario acepta las condiciones establecidas[\/vc_column_text][\/vc_column][\/vc_row][vc_row][vc_column][vc_empty_space height=\u00bb50&#8243;][\/vc_column][\/vc_row]\n<\/div>","protected":false},"excerpt":{"rendered":"<p>[vc_row][vc_column][vc_empty_space height=\u00bb50&#8243;][\/vc_column][\/vc_row][vc_row][vc_column][vc_column_text]INFORMACI\u00d3N GENERAL PARA CUMPLIR LA LEY 34\/2002 Raz\u00f3n Social:\u00a0Vicromia, SLU NIF: B60631843 Domicilio Social:\u00a0Carrer Lleida, 37 Localidad:\u00a0Vic Provincia:\u00a0Barcelona C.P.:\u00a008500 Correo electr\u00f3nico: vicromia@vicromia.com Propiedad intelectual e industrial Esta p\u00e1gina web es titularidad de Vicromia, SLU\u00a0qui\u00e9n ostenta todos los derechos necesarios para su uso y explotaci\u00f3n. El acceso en esta p\u00e1gina o la utilizaci\u00f3n de sus contenidos no implica, en ning\u00fan caso, la cesi\u00f3n o licencia de derechos de propiedad intelectual e industrial. Quedan prohibidas la reproducci\u00f3n, la transformaci\u00f3n, la distribuci\u00f3n, la comunicaci\u00f3n p\u00fablica y cualquier otra forma de explotaci\u00f3n, para cualquier procedimiento, de todos o parte de los contenidos y\/o elementos integrantes de esta p\u00e1gina, salvo que se indique expresamente el contrario. Todo aquel quien atente contra los derechos de propiedad intelectual o industrial de Vicromia, SLU\u00a0ser\u00e1 responsable ante los Tribunales competentes. Protecci\u00f3n de datos Cumpliendo con la Ley Org\u00e1nica 15\/1999, de 13 de diciembre, de Protecci\u00f3n de Datos de car\u00e1cter Personal, se informa que los datos de car\u00e1cter personal que se recogen a trav\u00e9s del web \u00fanicamente se utilizan a efectos de responder las consultas recibidas o de ofrecer los servicios solicitados. No se registran de manera permanente en ning\u00fan archivo de titularidad de Vicromia, SLU\u00a0sin una comunicaci\u00f3n o consentimiento previo del titular de los datos. En ning\u00fan caso Vicromia, SLU\u00a0utilizar\u00e1 estos datos para la venta a terceras personas o empresas. Se entiende que el usuario acepta las condiciones establecidas[\/vc_column_text][\/vc_column][\/vc_row][vc_row][vc_column][vc_empty_space height=\u00bb50&#8243;][\/vc_column][\/vc_row]<\/p>\n","protected":false},"author":29793,"featured_media":0,"parent":0,"menu_order":0,"comment_status":"closed","ping_status":"closed","template":"","meta":{"footnotes":""},"class_list":["post-3753","page","type-page","status-publish","hentry","entry","post-inner"],"aioseo_notices":[],"_links":{"self":[{"href":"https:\/\/www.vicromia.com\/es\/wp-json\/wp\/v2\/pages\/3753","targetHints":{"allow":["GET"]}}],"collection":[{"href":"https:\/\/www.vicromia.com\/es\/wp-json\/wp\/v2\/pages"}],"about":[{"href":"https:\/\/www.vicromia.com\/es\/wp-json\/wp\/v2\/types\/page"}],"author":[{"embeddable":true,"href":"https:\/\/www.vicromia.com\/es\/wp-json\/wp\/v2\/users\/29793"}],"replies":[{"embeddable":true,"href":"https:\/\/www.vicromia.com\/es\/wp-json\/wp\/v2\/comments?post=3753"}],"version-history":[{"count":4,"href":"https:\/\/www.vicromia.com\/es\/wp-json\/wp\/v2\/pages\/3753\/revisions"}],"predecessor-version":[{"id":3818,"href":"https:\/\/www.vicromia.com\/es\/wp-json\/wp\/v2\/pages\/3753\/revisions\/3818"}],"wp:attachment":[{"href":"https:\/\/www.vicromia.com\/es\/wp-json\/wp\/v2\/media?parent=3753"}],"curies":[{"name":"wp","href":"https:\/\/api.w.org\/{rel}","templated":true}]}}