{"id":44,"date":"2013-05-17T10:56:56","date_gmt":"2013-05-17T10:56:56","guid":{"rendered":"http:\/\/vicromia.com\/?page_id=44"},"modified":"2015-09-22T12:45:19","modified_gmt":"2015-09-22T10:45:19","slug":"quienes-somos","status":"publish","type":"page","link":"https:\/\/www.vicromia.com\/es\/la-empresa\/quienes-somos\/","title":{"rendered":"\u00bfQui\u00e9nes somos?"},"content":{"rendered":"<div class=\"wpb-content-wrapper\">[vc_row][vc_column width=\u00bb1\/1&#8243;][rev_slider_vc alias=\u00bbquisom\u00bb][\/vc_column][\/vc_row][vc_row][vc_column][vc_column_text]\n<p style=\"text-align: justify;\"><span style=\"color: #424242;\"><strong>Vicromia<\/strong>\u00a0<\/span>es una empresa de servicios de preimpresi\u00f3n. Nuestro mercado natural son las imprentas de tama\u00f1o peque\u00f1o y mediano, agencias de publicidad y dise\u00f1adores gr\u00e1ficos.<\/p>\n<p style=\"text-align: justify;\">Nuestra forma de trabajar antepone siempre la calidad y el buen oficio. Para conseguirlo, nuestro personal trabaja para que el cliente obtenga siempre el mejor resultado en unos plazos de tiempo muy ajustados.<\/p>\n[\/vc_column_text][\/vc_column][\/vc_row]\n<\/div>","protected":false},"excerpt":{"rendered":"<p>[vc_row][vc_column width=\u00bb1\/1&#8243;][rev_slider_vc alias=\u00bbquisom\u00bb][\/vc_column][\/vc_row][vc_row][vc_column][vc_column_text] Vicromia\u00a0es una empresa de servicios de preimpresi\u00f3n. Nuestro mercado natural son las imprentas de tama\u00f1o peque\u00f1o y mediano, agencias de publicidad y dise\u00f1adores gr\u00e1ficos. Nuestra forma de trabajar antepone siempre la calidad y el buen oficio. Para conseguirlo, nuestro personal trabaja para que el cliente obtenga siempre el mejor resultado en unos plazos de tiempo muy ajustados. [\/vc_column_text][\/vc_column][\/vc_row]<\/p>\n","protected":false},"author":29793,"featured_media":0,"parent":7,"menu_order":1,"comment_status":"closed","ping_status":"closed","template":"","meta":{"footnotes":""},"class_list":["post-44","page","type-page","status-publish","hentry","entry","post-inner"],"aioseo_notices":[],"_links":{"self":[{"href":"https:\/\/www.vicromia.com\/es\/wp-json\/wp\/v2\/pages\/44","targetHints":{"allow":["GET"]}}],"collection":[{"href":"https:\/\/www.vicromia.com\/es\/wp-json\/wp\/v2\/pages"}],"about":[{"href":"https:\/\/www.vicromia.com\/es\/wp-json\/wp\/v2\/types\/page"}],"author":[{"embeddable":true,"href":"https:\/\/www.vicromia.com\/es\/wp-json\/wp\/v2\/users\/29793"}],"replies":[{"embeddable":true,"href":"https:\/\/www.vicromia.com\/es\/wp-json\/wp\/v2\/comments?post=44"}],"version-history":[{"count":0,"href":"https:\/\/www.vicromia.com\/es\/wp-json\/wp\/v2\/pages\/44\/revisions"}],"up":[{"embeddable":true,"href":"https:\/\/www.vicromia.com\/es\/wp-json\/wp\/v2\/pages\/7"}],"wp:attachment":[{"href":"https:\/\/www.vicromia.com\/es\/wp-json\/wp\/v2\/media?parent=44"}],"curies":[{"name":"wp","href":"https:\/\/api.w.org\/{rel}","templated":true}]}}