{"id":45,"date":"2013-05-17T10:57:20","date_gmt":"2013-05-17T10:57:20","guid":{"rendered":"http:\/\/vicromia.com\/?page_id=45"},"modified":"2018-10-03T13:34:26","modified_gmt":"2018-10-03T11:34:26","slug":"que-hacemos","status":"publish","type":"page","link":"https:\/\/www.vicromia.com\/es\/la-empresa\/que-hacemos\/","title":{"rendered":"\u00bfQu\u00e9 hacemos?"},"content":{"rendered":"<div class=\"wpb-content-wrapper\">[vc_row][vc_column][rev_slider_vc alias=\u00bbquefem\u00bb][\/vc_column][\/vc_row][vc_row][vc_column][vc_column_text]Vicromia ofrece servicio de filmaci\u00f3n de plancha (CTP), impresi\u00f3n digital en formato peque\u00f1o, prueba de color certificada (ISO 12647), servicio de escaneado -originales hasta A3- y servicio de composici\u00f3n de textos.<\/p>\n<p style=\"text-align: justify;\">Externalizar procesos como la filmaci\u00f3n de planchas permite al impresor concentrarse en los aspectos m\u00e1s importantes de su oficio. Adem\u00e1s, econ\u00f3micamente descarga a la empresa de gastos fijos y los convierte en variables.<\/p>\n<p style=\"text-align: justify;\">La preimpresi\u00f3n comporta altos costes de mantenimento, reparaciones y reinversiones. Nosotros lo hacemos permanentemente: todos los equipos de filmaci\u00f3n, impresi\u00f3n y programas necesarios para su funcionamiento est\u00e1n bajo contrato de mantenimento y se actualizan peri\u00f3dicamente.<\/p>\n[\/vc_column_text][\/vc_column][\/vc_row]\n<\/div>","protected":false},"excerpt":{"rendered":"<p>[vc_row][vc_column][rev_slider_vc alias=\u00bbquefem\u00bb][\/vc_column][\/vc_row][vc_row][vc_column][vc_column_text]Vicromia ofrece servicio de filmaci\u00f3n de plancha (CTP), impresi\u00f3n digital en formato peque\u00f1o, prueba de color certificada (ISO 12647), servicio de escaneado -originales hasta A3- y servicio de composici\u00f3n de textos. Externalizar procesos como la filmaci\u00f3n de planchas permite al impresor concentrarse en los aspectos m\u00e1s importantes de su oficio. Adem\u00e1s, econ\u00f3micamente descarga a la empresa de gastos fijos y los convierte en variables. La preimpresi\u00f3n comporta altos costes de mantenimento, reparaciones y reinversiones. Nosotros lo hacemos permanentemente: todos los equipos de filmaci\u00f3n, impresi\u00f3n y programas necesarios para su funcionamiento est\u00e1n bajo contrato de mantenimento y se actualizan peri\u00f3dicamente. [\/vc_column_text][\/vc_column][\/vc_row]<\/p>\n","protected":false},"author":29793,"featured_media":0,"parent":7,"menu_order":2,"comment_status":"closed","ping_status":"open","template":"","meta":{"footnotes":""},"class_list":["post-45","page","type-page","status-publish","hentry","entry","post-inner"],"aioseo_notices":[],"_links":{"self":[{"href":"https:\/\/www.vicromia.com\/es\/wp-json\/wp\/v2\/pages\/45","targetHints":{"allow":["GET"]}}],"collection":[{"href":"https:\/\/www.vicromia.com\/es\/wp-json\/wp\/v2\/pages"}],"about":[{"href":"https:\/\/www.vicromia.com\/es\/wp-json\/wp\/v2\/types\/page"}],"author":[{"embeddable":true,"href":"https:\/\/www.vicromia.com\/es\/wp-json\/wp\/v2\/users\/29793"}],"replies":[{"embeddable":true,"href":"https:\/\/www.vicromia.com\/es\/wp-json\/wp\/v2\/comments?post=45"}],"version-history":[{"count":1,"href":"https:\/\/www.vicromia.com\/es\/wp-json\/wp\/v2\/pages\/45\/revisions"}],"predecessor-version":[{"id":3740,"href":"https:\/\/www.vicromia.com\/es\/wp-json\/wp\/v2\/pages\/45\/revisions\/3740"}],"up":[{"embeddable":true,"href":"https:\/\/www.vicromia.com\/es\/wp-json\/wp\/v2\/pages\/7"}],"wp:attachment":[{"href":"https:\/\/www.vicromia.com\/es\/wp-json\/wp\/v2\/media?parent=45"}],"curies":[{"name":"wp","href":"https:\/\/api.w.org\/{rel}","templated":true}]}}