{"id":53,"date":"2013-05-17T10:58:55","date_gmt":"2013-05-17T10:58:55","guid":{"rendered":"http:\/\/vicromia.com\/?page_id=53"},"modified":"2016-03-22T11:34:13","modified_gmt":"2016-03-22T10:34:13","slug":"ctp-plancha-digital","status":"publish","type":"page","link":"https:\/\/www.vicromia.com\/es\/servicios\/ctp-plancha-digital\/","title":{"rendered":"CTP (plancha digital)"},"content":{"rendered":"<div class=\"wpb-content-wrapper\">[vc_row][vc_column width=\u00bb1\/1&#8243;][rev_slider_vc alias=\u00bbctp\u00bb][\/vc_column][\/vc_row][vc_row][vc_column width=\u00bb1\/1&#8243;][vc_column_text]\n<p style=\"text-align: justify;\">Estamos especializados en el servicio de filmaci\u00f3n de plancha digital en formato peque\u00f1o (35x50cm) y medio (50x70cm). El sevicio incluye la imposici\u00f3n de p\u00e1ginas y una prueba borrador previa (real o virtual, a demanda).<\/p>\n<p style=\"text-align: justify;\">Tambi\u00e9n podemos gestionar su archivo de trabajos en formato digital si as\u00ed se nos autoriza, de modo que las reimpresiones son exactas a la primera y usted se despreocupa de mantener un archivo siempre engorroso.<\/p>\n<p style=\"text-align: justify;\">Disponemos de planchas en los formatos m\u00e1s habituales de m\u00e1quina de imprimir: GTO 46 y GTO52, MO 65, SM 52 y SM 74, Roland 202 y Roland 500. El formato m\u00e1ximo de planxa que podemos filmar es de 83x66cm. El sistema incluye el protocolo de perforaci\u00f3n m\u00e1s habitual del sector, de manera que el registro es inmejorable.<\/p>\n<p style=\"text-align: justify;\">La trama est\u00e1ndar de filmaci\u00f3n \u00e9s de 175 lpi (70 lpc) y la m\u00e1xima 200 lpi (80 lpc). Opcionalmente, y sin ning\u00fan tipo de recargo, tambi\u00e9n podemos filmar con trama h\u00edbrida de 240lpi.<\/p>\n[\/vc_column_text][\/vc_column][\/vc_row]\n<\/div>","protected":false},"excerpt":{"rendered":"<p>[vc_row][vc_column width=\u00bb1\/1&#8243;][rev_slider_vc alias=\u00bbctp\u00bb][\/vc_column][\/vc_row][vc_row][vc_column width=\u00bb1\/1&#8243;][vc_column_text] Estamos especializados en el servicio de filmaci\u00f3n de plancha digital en formato peque\u00f1o (35x50cm) y medio (50x70cm). El sevicio incluye la imposici\u00f3n de p\u00e1ginas y una prueba borrador previa (real o virtual, a demanda). Tambi\u00e9n podemos gestionar su archivo de trabajos en formato digital si as\u00ed se nos autoriza, de modo que las reimpresiones son exactas a la primera y usted se despreocupa de mantener un archivo siempre engorroso. Disponemos de planchas en los formatos m\u00e1s habituales de m\u00e1quina de imprimir: GTO 46 y GTO52, MO 65, SM 52 y SM 74, Roland 202 y Roland 500. El formato m\u00e1ximo de planxa que podemos filmar es de 83x66cm. El sistema incluye el protocolo de perforaci\u00f3n m\u00e1s habitual del sector, de manera que el registro es inmejorable. La trama est\u00e1ndar de filmaci\u00f3n \u00e9s de 175 lpi (70 lpc) y la m\u00e1xima 200 lpi (80 lpc). Opcionalmente, y sin ning\u00fan tipo de recargo, tambi\u00e9n podemos filmar con trama h\u00edbrida de 240lpi. [\/vc_column_text][\/vc_column][\/vc_row]<\/p>\n","protected":false},"author":29793,"featured_media":0,"parent":8,"menu_order":1,"comment_status":"closed","ping_status":"open","template":"","meta":{"footnotes":""},"class_list":["post-53","page","type-page","status-publish","hentry","entry","post-inner"],"aioseo_notices":[],"_links":{"self":[{"href":"https:\/\/www.vicromia.com\/es\/wp-json\/wp\/v2\/pages\/53","targetHints":{"allow":["GET"]}}],"collection":[{"href":"https:\/\/www.vicromia.com\/es\/wp-json\/wp\/v2\/pages"}],"about":[{"href":"https:\/\/www.vicromia.com\/es\/wp-json\/wp\/v2\/types\/page"}],"author":[{"embeddable":true,"href":"https:\/\/www.vicromia.com\/es\/wp-json\/wp\/v2\/users\/29793"}],"replies":[{"embeddable":true,"href":"https:\/\/www.vicromia.com\/es\/wp-json\/wp\/v2\/comments?post=53"}],"version-history":[{"count":0,"href":"https:\/\/www.vicromia.com\/es\/wp-json\/wp\/v2\/pages\/53\/revisions"}],"up":[{"embeddable":true,"href":"https:\/\/www.vicromia.com\/es\/wp-json\/wp\/v2\/pages\/8"}],"wp:attachment":[{"href":"https:\/\/www.vicromia.com\/es\/wp-json\/wp\/v2\/media?parent=53"}],"curies":[{"name":"wp","href":"https:\/\/api.w.org\/{rel}","templated":true}]}}