{"id":57,"date":"2013-05-17T10:59:30","date_gmt":"2013-05-17T10:59:30","guid":{"rendered":"http:\/\/vicromia.com\/?page_id=57"},"modified":"2016-03-22T11:34:22","modified_gmt":"2016-03-22T10:34:22","slug":"prueba-de-color-iso","status":"publish","type":"page","link":"https:\/\/www.vicromia.com\/es\/servicios\/prueba-de-color-iso\/","title":{"rendered":"Prueba de color ISO"},"content":{"rendered":"<div class=\"wpb-content-wrapper\">[vc_row][vc_column width=\u00bb1\/1&#8243;][rev_slider_vc alias=\u00bbprovaiso\u00bb][\/vc_column][\/vc_row][vc_row][vc_column][vc_column_text]\n<p style=\"text-align: justify;\">El servicio de prueba certificada seg\u00fan la norma ISO 12647 permite obtener pruebas de color con la m\u00e1xima aproximaci\u00f3n al sistema de impresi\u00f3n offset. Incluso los colores de la gama Pantone se obtienen con m\u00e1xima fidelidad.<\/p>\n<p style=\"text-align: justify;\">Hay dos tipos de material disponible, seg\u00fan sea el caso del produco acabado: mate o brillante. En ambos casos el material es de 250g.<\/p>\n<p style=\"text-align: justify;\">El formato m\u00e1ximo de impresi\u00f3n es DIN A1.<\/p>\n[\/vc_column_text][\/vc_column][\/vc_row]\n<\/div>","protected":false},"excerpt":{"rendered":"<p>[vc_row][vc_column width=\u00bb1\/1&#8243;][rev_slider_vc alias=\u00bbprovaiso\u00bb][\/vc_column][\/vc_row][vc_row][vc_column][vc_column_text] El servicio de prueba certificada seg\u00fan la norma ISO 12647 permite obtener pruebas de color con la m\u00e1xima aproximaci\u00f3n al sistema de impresi\u00f3n offset. Incluso los colores de la gama Pantone se obtienen con m\u00e1xima fidelidad. Hay dos tipos de material disponible, seg\u00fan sea el caso del produco acabado: mate o brillante. En ambos casos el material es de 250g. El formato m\u00e1ximo de impresi\u00f3n es DIN A1. [\/vc_column_text][\/vc_column][\/vc_row]<\/p>\n","protected":false},"author":29793,"featured_media":0,"parent":8,"menu_order":3,"comment_status":"closed","ping_status":"open","template":"","meta":{"footnotes":""},"class_list":["post-57","page","type-page","status-publish","hentry","entry","post-inner"],"aioseo_notices":[],"_links":{"self":[{"href":"https:\/\/www.vicromia.com\/es\/wp-json\/wp\/v2\/pages\/57","targetHints":{"allow":["GET"]}}],"collection":[{"href":"https:\/\/www.vicromia.com\/es\/wp-json\/wp\/v2\/pages"}],"about":[{"href":"https:\/\/www.vicromia.com\/es\/wp-json\/wp\/v2\/types\/page"}],"author":[{"embeddable":true,"href":"https:\/\/www.vicromia.com\/es\/wp-json\/wp\/v2\/users\/29793"}],"replies":[{"embeddable":true,"href":"https:\/\/www.vicromia.com\/es\/wp-json\/wp\/v2\/comments?post=57"}],"version-history":[{"count":0,"href":"https:\/\/www.vicromia.com\/es\/wp-json\/wp\/v2\/pages\/57\/revisions"}],"up":[{"embeddable":true,"href":"https:\/\/www.vicromia.com\/es\/wp-json\/wp\/v2\/pages\/8"}],"wp:attachment":[{"href":"https:\/\/www.vicromia.com\/es\/wp-json\/wp\/v2\/media?parent=57"}],"curies":[{"name":"wp","href":"https:\/\/api.w.org\/{rel}","templated":true}]}}